{"id":818,"date":"2021-04-02T12:35:55","date_gmt":"2021-04-02T10:35:55","guid":{"rendered":"https:\/\/www.host.pl\/?page_id=818"},"modified":"2021-04-07T09:17:22","modified_gmt":"2021-04-07T07:17:22","slug":"mes-xl","status":"publish","type":"page","link":"https:\/\/host.pl\/de\/mes-xl\/","title":{"rendered":"MES"},"content":{"rendered":"<div data-elementor-type=\"wp-page\" data-elementor-id=\"818\" class=\"elementor elementor-818\" data-elementor-post-type=\"page\">\n\t\t\t\t\t\t<section class=\"elementor-section elementor-top-section elementor-element elementor-element-706d1ff elementor-section-boxed elementor-section-height-default elementor-section-height-default\" data-id=\"706d1ff\" data-element_type=\"section\" data-e-type=\"section\">\n\t\t\t\t\t\t<div class=\"elementor-container elementor-column-gap-default\">\n\t\t\t\t\t<div class=\"elementor-column elementor-col-100 elementor-top-column elementor-element elementor-element-9424514\" data-id=\"9424514\" data-element_type=\"column\" data-e-type=\"column\">\n\t\t\t<div class=\"elementor-widget-wrap elementor-element-populated\">\n\t\t\t\t\t\t<div class=\"elementor-element elementor-element-c1027ee elementor-widget elementor-widget-spacer\" data-id=\"c1027ee\" data-element_type=\"widget\" data-e-type=\"widget\" data-widget_type=\"spacer.default\">\n\t\t\t\t<div class=\"elementor-widget-container\">\n\t\t\t\t\t\t\t<div class=\"elementor-spacer\">\n\t\t\t<div class=\"elementor-spacer-inner\"><\/div>\n\t\t<\/div>\n\t\t\t\t\t\t<\/div>\n\t\t\t\t<\/div>\n\t\t\t\t\t<\/div>\n\t\t<\/div>\n\t\t\t\t\t<\/div>\n\t\t<\/section>\n\t\t\t\t<section class=\"elementor-section elementor-top-section elementor-element elementor-element-47cd511 elementor-section-boxed elementor-section-height-default elementor-section-height-default\" data-id=\"47cd511\" data-element_type=\"section\" data-e-type=\"section\">\n\t\t\t\t\t\t<div class=\"elementor-container elementor-column-gap-default\">\n\t\t\t\t\t<div class=\"elementor-column elementor-col-100 elementor-top-column elementor-element elementor-element-5c855bb\" data-id=\"5c855bb\" data-element_type=\"column\" data-e-type=\"column\">\n\t\t\t<div class=\"elementor-widget-wrap elementor-element-populated\">\n\t\t\t\t\t\t<div class=\"elementor-element elementor-element-4aab4f8 elementor-widget elementor-widget-heading\" data-id=\"4aab4f8\" data-element_type=\"widget\" data-e-type=\"widget\" data-widget_type=\"heading.default\">\n\t\t\t\t<div class=\"elementor-widget-container\">\n\t\t\t\t\t<h2 class=\"elementor-heading-title elementor-size-default\">MES - dodatek do Comarch ERP XL<\/h2>\t\t\t\t<\/div>\n\t\t\t\t<\/div>\n\t\t\t\t<div class=\"elementor-element elementor-element-f0cd874 elementor-widget elementor-widget-heading\" data-id=\"f0cd874\" data-element_type=\"widget\" data-e-type=\"widget\" data-widget_type=\"heading.default\">\n\t\t\t\t<div class=\"elementor-widget-container\">\n\t\t\t\t\t<h2 class=\"elementor-heading-title elementor-size-default\">Panel produkcyjny, kt\u00f3rego potrzebuje Twoja firma<\/h2>\t\t\t\t<\/div>\n\t\t\t\t<\/div>\n\t\t\t\t\t<\/div>\n\t\t<\/div>\n\t\t\t\t\t<\/div>\n\t\t<\/section>\n\t\t\t\t<section class=\"elementor-section elementor-top-section elementor-element elementor-element-2588c47 elementor-section-boxed elementor-section-height-default elementor-section-height-default\" data-id=\"2588c47\" data-element_type=\"section\" data-e-type=\"section\">\n\t\t\t\t\t\t<div class=\"elementor-container elementor-column-gap-default\">\n\t\t\t\t\t<div class=\"elementor-column elementor-col-100 elementor-top-column elementor-element elementor-element-debf932\" data-id=\"debf932\" data-element_type=\"column\" data-e-type=\"column\">\n\t\t\t<div class=\"elementor-widget-wrap elementor-element-populated\">\n\t\t\t\t\t\t<div class=\"elementor-element elementor-element-f60d81d elementor-widget elementor-widget-spacer\" data-id=\"f60d81d\" data-element_type=\"widget\" data-e-type=\"widget\" data-widget_type=\"spacer.default\">\n\t\t\t\t<div class=\"elementor-widget-container\">\n\t\t\t\t\t\t\t<div class=\"elementor-spacer\">\n\t\t\t<div class=\"elementor-spacer-inner\"><\/div>\n\t\t<\/div>\n\t\t\t\t\t\t<\/div>\n\t\t\t\t<\/div>\n\t\t\t\t\t<\/div>\n\t\t<\/div>\n\t\t\t\t\t<\/div>\n\t\t<\/section>\n\t\t\t\t<section class=\"elementor-section elementor-top-section elementor-element elementor-element-69161cb elementor-section-boxed elementor-section-height-default elementor-section-height-default\" data-id=\"69161cb\" data-element_type=\"section\" data-e-type=\"section\">\n\t\t\t\t\t\t<div class=\"elementor-container elementor-column-gap-default\">\n\t\t\t\t\t<div class=\"elementor-column elementor-col-33 elementor-top-column elementor-element elementor-element-4a86f02\" data-id=\"4a86f02\" data-element_type=\"column\" data-e-type=\"column\">\n\t\t\t<div class=\"elementor-widget-wrap\">\n\t\t\t\t\t\t\t<\/div>\n\t\t<\/div>\n\t\t\t\t<div class=\"elementor-column elementor-col-33 elementor-top-column elementor-element elementor-element-9b18b34\" data-id=\"9b18b34\" data-element_type=\"column\" data-e-type=\"column\">\n\t\t\t<div class=\"elementor-widget-wrap elementor-element-populated\">\n\t\t\t\t\t\t<div class=\"elementor-element elementor-element-c9639cd elementor-widget elementor-widget-eael-feature-list\" data-id=\"c9639cd\" data-element_type=\"widget\" data-e-type=\"widget\" data-widget_type=\"eael-feature-list.default\">\n\t\t\t\t<div class=\"elementor-widget-container\">\n\t\t\t\t\t\t\t<div class=\"-icon-position-left -tablet-icon-position-left -mobile-icon-position-left\">\n\t\t\t<ul id=\"eael-feature-list-c9639cd\" class=\"eael-feature-list-items circle framed connector-type-classic eael-feature-list-vertical\" data-layout-tablet=\"vertical\" data-layout-mobile=\"vertical\">\n\t\t\t                <li class=\"eael-feature-list-item elementor-repeater-item-7edce42\">\n                                            <span class=\"connector\" style=\"right: calc(100% - 70px); left: 0;\"><\/span>\n                        <span class=\"connector connector-tablet\" style=\"right: calc(100% - 70px); left: 0;\"><\/span>\n                        <span class=\"connector connector-mobile\" style=\"right: calc(100% - 70px); left: 0;\"><\/span>\n                    \n\t\t\t\t\t\t<div class=\"eael-feature-list-icon-box\">\n\t\t\t\t\t\t\t<div class=\"eael-feature-list-icon-inner\">\n\n\t\t\t\t\t\t\t\t<span class=\"eael-feature-list-icon fl-icon-0\">\n\n\t\t<i aria-hidden=\"true\" class=\"icon icon-cog\"><\/i>\t\t\t\t\t\t\t\t<\/span>\n\t\t\t\t\t\t\t<\/div>\n\t\t\t\t\t\t<\/div>\n\t\t\t\t\t\t<div class=\"eael-feature-list-content-box\">\n                            <h2 class=\"eael-feature-list-title\">Formowanie brygady lub rejestracja operacji <\/h2>\t\t\t\t\t\t<p class=\"eael-feature-list-content\">Rejestracja operacji produkcyjnych przez operator\u00f3w, pomocnik\u00f3w czy ustawiaczy (w zale\u017cno\u015bci od kompetencji i kwalifikacji) bezpo\u015brednio na hali produkcyjnej to jedna z najbardziej poszukiwanych funkcjonalno\u015bci przez szef\u00f3w produkcji.\nPanel Produkcyjny umo\u017cliwia zalogowanie si\u0119 przez u\u017cytkownika w systemie i rozpocz\u0119cie procesu formowania brygady lub rejestracji operacji przez pojedynczego pracownika. Skupili\u015bmy si\u0119 na maksymalnym uproszczenu procesu rejestracji produkcji, ukrywaj\u0105c skomplikowany kod programu, integracj\u0119 poprzez API z systemem Comarch ERP XL w tle, w spos\u00f3b niewidoczny dla u\u017cytkownika.<\/p>\n\t\t\t\t\t\t<\/div>\n\n\t\t\t\t\t<\/li>\n\t\t\t\t                <li class=\"eael-feature-list-item elementor-repeater-item-2c78fa6\">\n                                            <span class=\"connector\" style=\"right: calc(100% - 70px); left: 0;\"><\/span>\n                        <span class=\"connector connector-tablet\" style=\"right: calc(100% - 70px); left: 0;\"><\/span>\n                        <span class=\"connector connector-mobile\" style=\"right: calc(100% - 70px); left: 0;\"><\/span>\n                    \n\t\t\t\t\t\t<div class=\"eael-feature-list-icon-box\">\n\t\t\t\t\t\t\t<div class=\"eael-feature-list-icon-inner\">\n\n\t\t\t\t\t\t\t\t<span class=\"eael-feature-list-icon fl-icon-1\">\n\n\t\t<i aria-hidden=\"true\" class=\"icon icon-worker\"><\/i>\t\t\t\t\t\t\t\t<\/span>\n\t\t\t\t\t\t\t<\/div>\n\t\t\t\t\t\t<\/div>\n\t\t\t\t\t\t<div class=\"eael-feature-list-content-box\">\n                            <h2 class=\"eael-feature-list-title\">Pracownik, operacja technologiczna, maszyna<\/h2>\t\t\t\t\t\t<p class=\"eael-feature-list-content\">Bez wzgl\u0119du na to czy b\u0119dziemy rejestrowali operacje technologiczne w ramach zlecenia produkcyjnego w modelu produkcji dyskretnej, produkcji procesowej, jednostkowej, zasoboch\u0142onnej, seryjnej, itp. potrzebujemy wskaza\u0107 kto b\u0119dzie wykonywa\u0142 operacj\u0119, kt\u00f3r\u0105 operacj\u0119, na kt\u00f3rym zasobie produkcyjnym (maszyna, linia, gniazdo produkcyjne).<\/p>\n\t\t\t\t\t\t<\/div>\n\n\t\t\t\t\t<\/li>\n\t\t\t\t                <li class=\"eael-feature-list-item elementor-repeater-item-b08d5b8\">\n                                            <span class=\"connector\" style=\"right: calc(100% - 70px); left: 0;\"><\/span>\n                        <span class=\"connector connector-tablet\" style=\"right: calc(100% - 70px); left: 0;\"><\/span>\n                        <span class=\"connector connector-mobile\" style=\"right: calc(100% - 70px); left: 0;\"><\/span>\n                    \n\t\t\t\t\t\t<div class=\"eael-feature-list-icon-box\">\n\t\t\t\t\t\t\t<div class=\"eael-feature-list-icon-inner\">\n\n\t\t\t\t\t\t\t\t<span class=\"eael-feature-list-icon fl-icon-2\">\n\n\t\t<i aria-hidden=\"true\" class=\"icon icon-Document-Search\"><\/i>\t\t\t\t\t\t\t\t<\/span>\n\t\t\t\t\t\t\t<\/div>\n\t\t\t\t\t\t<\/div>\n\t\t\t\t\t\t<div class=\"eael-feature-list-content-box\">\n                            <h2 class=\"eael-feature-list-title\">RW - rozch\u00f3d wewn\u0119trzny \/ PW - przych\u00f3d wewn\u0119trzny<\/h2>\t\t\t\t\t\t<p class=\"eael-feature-list-content\">Zu\u017cycie materia\u0142\u00f3w niezb\u0119dnych do wykonania detalu, p\u00f3\u0142produktu, komponentu, cz\u0119\u015bci, zespo\u0142u czy wyrobu gotowego jest rejestrowane za pomoc\u0105 dokumentu RW (rozchodu wewn\u0119trznego). Skojarzony z tym jest dokument przyj\u0119cia na stan magazynowy PW (przych\u00f3d wewn\u0119trzny) wytworzonego indeksu. Dokumenty s\u0105 sparowane i automatycznie rejestrowane z wykorzystaniem API w systemie Comarch ERP XL. Jest to gigantyczne usprawnienie pracy.<\/p>\n\t\t\t\t\t\t<\/div>\n\n\t\t\t\t\t<\/li>\n\t\t\t\t                <li class=\"eael-feature-list-item elementor-repeater-item-f4f763a\">\n                                            <span class=\"connector\" style=\"right: calc(100% - 70px); left: 0;\"><\/span>\n                        <span class=\"connector connector-tablet\" style=\"right: calc(100% - 70px); left: 0;\"><\/span>\n                        <span class=\"connector connector-mobile\" style=\"right: calc(100% - 70px); left: 0;\"><\/span>\n                    \n\t\t\t\t\t\t<div class=\"eael-feature-list-icon-box\">\n\t\t\t\t\t\t\t<div class=\"eael-feature-list-icon-inner\">\n\n\t\t\t\t\t\t\t\t<span class=\"eael-feature-list-icon fl-icon-3\">\n\n\t\t<i aria-hidden=\"true\" class=\"fas fa-barcode\"><\/i>\t\t\t\t\t\t\t\t<\/span>\n\t\t\t\t\t\t\t<\/div>\n\t\t\t\t\t\t<\/div>\n\t\t\t\t\t\t<div class=\"eael-feature-list-content-box\">\n                            <h2 class=\"eael-feature-list-title\">Karta Pracy - pe\u0142na kod\u00f3w kreskowych<\/h2>\t\t\t\t\t\t<p class=\"eael-feature-list-content\">Wykorzystanie kod\u00f3w kreskowych w komunikacji elektronicznej czy na dokumentach papierowch, potrafi upro\u015bci\u0107, zautomatyzowa\u0107 i przy\u015bpieszy\u0107 niemal dowoln\u0105 prace operatora. Skupili\u015bmy si\u0119 na okreskowaniu wszystkiego co tylko si\u0119 da. W ten spos\u00f3b rejestracja na podstawie karty pracy jest banalna i nie wymaga godzin szkole\u0144, wdro\u017ce\u0144. Dokumenty s\u0105 przejrzyste, a ich zakres informacyjny jest zdaniem naszych u\u017cytkownik\u00f3w kompletny. Ka\u017cdy klient ma dostsowan\u0105 do swoich indywidualnych potrzeb karte pracy. Zarejestrowane operacjie automatycznie rejestruj\u0105 si\u0119 w Comarch ERP XL.<\/p>\n\t\t\t\t\t\t<\/div>\n\n\t\t\t\t\t<\/li>\n\t\t\t\t\t\t\t<\/ul>\n\t\t<\/div>\n\t\t\t\t\t\t<\/div>\n\t\t\t\t<\/div>\n\t\t\t\t\t<\/div>\n\t\t<\/div>\n\t\t\t\t<div class=\"elementor-column elementor-col-33 elementor-top-column elementor-element elementor-element-1d4206f\" data-id=\"1d4206f\" data-element_type=\"column\" data-e-type=\"column\">\n\t\t\t<div class=\"elementor-widget-wrap\">\n\t\t\t\t\t\t\t<\/div>\n\t\t<\/div>\n\t\t\t\t\t<\/div>\n\t\t<\/section>\n\t\t\t\t<\/div>","protected":false},"excerpt":{"rendered":"<p>MES &#8211; dodatek do Comarch ERP XL Panel produkcyjny, kt\u00f3rego potrzebuje Twoja firma Formowanie brygady lub rejestracja operacji Rejestracja operacji produkcyjnych przez operator\u00f3w, pomocnik\u00f3w czy ustawiaczy (w zale\u017cno\u015bci od kompetencji i kwalifikacji) bezpo\u015brednio na hali produkcyjnej to jedna z najbardziej poszukiwanych funkcjonalno\u015bci przez szef\u00f3w produkcji. Panel Produkcyjny umo\u017cliwia zalogowanie si\u0119 przez u\u017cytkownika w systemie i&hellip;&nbsp;<a href=\"https:\/\/host.pl\/de\/mes-xl\/\" class=\"\" rel=\"bookmark\">Weiterlesen &raquo;<span class=\"screen-reader-text\">MES<\/span><\/a><\/p>","protected":false},"author":2,"featured_media":0,"parent":0,"menu_order":0,"comment_status":"closed","ping_status":"closed","template":"page-templates\/template-pagebuilder-full-width.php","meta":{"neve_meta_sidebar":"full-width","neve_meta_container":"","neve_meta_enable_content_width":"on","neve_meta_content_width":100,"neve_meta_title_alignment":"","neve_meta_author_avatar":"","neve_post_elements_order":"","neve_meta_disable_header":"","neve_meta_disable_footer":"","neve_meta_disable_title":"","footnotes":""},"class_list":["post-818","page","type-page","status-publish","hentry"],"_links":{"self":[{"href":"https:\/\/host.pl\/de\/wp-json\/wp\/v2\/pages\/818","targetHints":{"allow":["GET"]}}],"collection":[{"href":"https:\/\/host.pl\/de\/wp-json\/wp\/v2\/pages"}],"about":[{"href":"https:\/\/host.pl\/de\/wp-json\/wp\/v2\/types\/page"}],"author":[{"embeddable":true,"href":"https:\/\/host.pl\/de\/wp-json\/wp\/v2\/users\/2"}],"replies":[{"embeddable":true,"href":"https:\/\/host.pl\/de\/wp-json\/wp\/v2\/comments?post=818"}],"version-history":[{"count":0,"href":"https:\/\/host.pl\/de\/wp-json\/wp\/v2\/pages\/818\/revisions"}],"wp:attachment":[{"href":"https:\/\/host.pl\/de\/wp-json\/wp\/v2\/media?parent=818"}],"curies":[{"name":"wp","href":"https:\/\/api.w.org\/{rel}","templated":true}]}}